{"id":180368,"date":"2025-11-18T08:30:05","date_gmt":"2025-11-18T07:30:05","guid":{"rendered":"https:\/\/may17.org\/?page_id=180368"},"modified":"2025-11-18T08:30:49","modified_gmt":"2025-11-18T07:30:49","slug":"the-theme","status":"publish","type":"page","link":"https:\/\/may17.org\/es\/idahobit\/the-theme\/","title":{"rendered":"The theme"},"content":{"rendered":"<div class=\"wpb-content-wrapper\"><div data-parent=\"true\" class=\"vc_row has-bg need-focus style-color-xsdn-bg row-container\" id=\"row-unique-0\"><div class=\"row unequal no-top-padding no-bottom-padding no-h-padding full-width row-parent\" data-height-ratio=\"full\"><div class=\"wpb_row row-inner\"><div class=\"wpb_column pos-top pos-center align_left column_parent col-lg-12 single-internal-gutter\"><div class=\"uncol style-spec style-dark unexpand\"  ><div class=\"uncoltable\"><div class=\"uncell no-block-padding\" ><div class=\"uncont\" ><div class=\"vc_row row-internal row-container\"><div class=\"row unequal col-no-gutter row-child\"><div class=\"wpb_row row-inner\"><div class=\"wpb_column pos-top pos-center align_left column_child col-lg-6 single-internal-gutter\"><div class=\"uncol style-light unexpand\" ><div class=\"uncoltable\" style=\"min-height: 300px;\"><div class=\"uncell single-block-padding style-color-nhtu-bg\" ><div class=\"column-background background-element\">\n\t\t\t\t\t\t\t\t\t\t\t<div class=\"background-wrapper\">\n\t\t\t\t\t\t\t\t\t\t\t\t<div class=\"background-inner\" style=\"background-image: url(https:\/\/may17.org\/wp-content\/uploads\/2025\/04\/image-placeholder-5-min.jpg);background-repeat: no-repeat;background-position: center center;background-size: cover;\" data-o_src=\"https:\/\/may17.org\/wp-content\/uploads\/2025\/04\/image-placeholder-5-min.jpg\"><\/div>\n\t\t\t\t\t\t\t\t\t\t\t\t\n\t\t\t\t\t\t\t\t\t\t\t<\/div>\n\t\t\t\t\t\t\t\t\t\t<\/div><div class=\"uncont\" ><div class=\"uncode-single-media  text-left\"><div class=\"single-wrapper\" style=\"max-width: 100%;\"><div class=\"tmb tmb-light  tmb-media-first tmb-media-last tmb-content-overlay tmb-no-bg\"><div class=\"t-inside\"><div class=\"t-entry-visual\"><div class=\"t-entry-visual-tc\"><div class=\"uncode-single-media-wrapper\"><img decoding=\"async\" class=\"wp-image-180369\" src=\"https:\/\/may17.org\/wp-content\/uploads\/2025\/11\/English.png\" width=\"1080\" height=\"1350\" alt=\"IDAHOBIT2026_theme_IG\" title=\"IDAHOBIT2026_theme_IG\" at the heart of democracy srcset=\"https:\/\/may17.org\/wp-content\/uploads\/2025\/11\/English.png 1080w, https:\/\/may17.org\/wp-content\/uploads\/2025\/11\/English-240x300.png 240w, https:\/\/may17.org\/wp-content\/uploads\/2025\/11\/English-819x1024.png 819w, https:\/\/may17.org\/wp-content\/uploads\/2025\/11\/English-768x960.png 768w, https:\/\/may17.org\/wp-content\/uploads\/2025\/11\/English-350x438.png 350w, https:\/\/may17.org\/wp-content\/uploads\/2025\/11\/English-uai-720x900.png 720w\" sizes=\"(max-width: 1080px) 100vw, 1080px\" \/><\/div>\n\t\t\t\t\t<\/div>\n\t\t\t\t<\/div><\/div><\/div><\/div><\/div><div class=\"uncode_text_column\" ><p>Developed by <strong>the global IDAHOBIT Advisory Committee<\/strong> through <strong>extensive consultations with regional and global LGBTQIA+ networks worldwide<\/strong>, the 2026 IDAHOBIT theme serves as a powerful reminder that the soil of truly democratic societies must be rich in meaningful equity and justice for all, fostering the flourishing of the entire community.<\/p>\n<\/div><\/div><\/div><\/div><\/div><\/div><div class=\"wpb_column pos-middle pos-center align_left column_child col-lg-6 single-internal-gutter\"><div class=\"uncol style-light\" ><div class=\"uncoltable\"><div class=\"uncell double-block-padding\" ><div class=\"uncont\" style=\" max-width:65%;\" ><div class=\"vc_custom_heading_wrap\"><div class=\"heading-text el-text\" ><h6 class=\"fontsize-160000 fontspace-135905 text-accent-color text-uppercase\" ><span>IDAHOBIT 2026 theme<\/span><\/h6><\/div><div class=\"clear\"><\/div><\/div><div class=\"vc_custom_heading_wrap\"><div class=\"heading-text el-text\" ><h1 class=\"h3\" ><span>At the heart of democracy<\/span><\/h1><\/div><div class=\"clear\"><\/div><\/div><div class=\"uncode_text_column\" ><p>Sin importar d\u00f3nde vivamos, qui\u00e9nes seamos o las convicciones que nos gu\u00eden, la mayor\u00eda de las personas quiere cuidar barrios y comunidades donde toda vida pueda florecer. Pero hoy, los gobiernos reaccionarios de todo el mundo est\u00e1n envenenando nuestros jardines con las malezas invasoras de sus pol\u00edticas autoritarias y legislaciones excluyentes.<\/p>\n<p>Time and again, LGBTQIA+ people have resisted these pests, rolled up their sleeves together with all the good people caring about their communities, and sowed the seeds of change.\u00a0 On IDAHOBIT 2026, and every day, <strong>you are invited to join in \u2014 at the heart of democracy<\/strong>: together, we can prepare the ground for a better future for everyone.<\/p>\n<p>&nbsp;<\/p>\n<p>IDAHOBIT es un momento compartido para que comunidades y aliades cultiven el cambio de maneras que reflejen los suelos, climas y tradiciones locales. Ya sea sembrando un mural comunitario en Buenos Aires, organizando una asamblea virtual en Nairobi, u organizando una jornada de incidencia legislativa en Estrasburgo, cada iniciativa, grande o peque\u00f1a, aporta nutrientes al jard\u00edn democr\u00e1tico. <a href=\"https:\/\/may17.org\/es\/get-involved\/\">Find out more about how you can get involved<\/a>.<\/p>\n<\/div><\/div><\/div><\/div><\/div><\/div><\/div><\/div><\/div><\/div><\/div><\/div><\/div><\/div><script id=\"script-row-unique-0\" data-row=\"script-row-unique-0\" type=\"text\/javascript\" class=\"vc_controls\">UNCODE.initRow(document.getElementById(\"row-unique-0\"));<\/script><\/div><\/div><\/div>\n<\/div>","protected":false},"excerpt":{"rendered":"Developed by the global IDAHOBIT Advisory Committee through extensive consultations with regional and global LGBTQIA+ networks worldwide, the 2026 IDAHOBIT [...]","protected":false},"author":2,"featured_media":180347,"parent":88825,"menu_order":0,"comment_status":"closed","ping_status":"closed","template":"","meta":{"footnotes":""},"class_list":["post-180368","page","type-page","status-publish","has-post-thumbnail","hentry","page_category-48"],"_links":{"self":[{"href":"https:\/\/may17.org\/es\/wp-json\/wp\/v2\/pages\/180368","targetHints":{"allow":["GET"]}}],"collection":[{"href":"https:\/\/may17.org\/es\/wp-json\/wp\/v2\/pages"}],"about":[{"href":"https:\/\/may17.org\/es\/wp-json\/wp\/v2\/types\/page"}],"author":[{"embeddable":true,"href":"https:\/\/may17.org\/es\/wp-json\/wp\/v2\/users\/2"}],"replies":[{"embeddable":true,"href":"https:\/\/may17.org\/es\/wp-json\/wp\/v2\/comments?post=180368"}],"version-history":[{"count":5,"href":"https:\/\/may17.org\/es\/wp-json\/wp\/v2\/pages\/180368\/revisions"}],"predecessor-version":[{"id":180374,"href":"https:\/\/may17.org\/es\/wp-json\/wp\/v2\/pages\/180368\/revisions\/180374"}],"up":[{"embeddable":true,"href":"https:\/\/may17.org\/es\/wp-json\/wp\/v2\/pages\/88825"}],"wp:featuredmedia":[{"embeddable":true,"href":"https:\/\/may17.org\/es\/wp-json\/wp\/v2\/media\/180347"}],"wp:attachment":[{"href":"https:\/\/may17.org\/es\/wp-json\/wp\/v2\/media?parent=180368"}],"curies":[{"name":"wp","href":"https:\/\/api.w.org\/{rel}","templated":true}]}}